{"id":39,"date":"2025-12-27T21:50:03","date_gmt":"2025-12-27T20:50:03","guid":{"rendered":"http:\/\/pole.tenderikka.org\/?page_id=39"},"modified":"2025-12-30T18:40:20","modified_gmt":"2025-12-30T17:40:20","slug":"wejscie","status":"publish","type":"page","link":"https:\/\/pole.tenderikka.org\/index.php\/wejscie\/","title":{"rendered":"Wej\u015bcie"},"content":{"rendered":"\n<div class=\"wp-block-group alignfull is-layout-constrained wp-block-group-is-layout-constrained\" style=\"padding-top:7rem;padding-bottom:7rem\">\n<p class=\"has-text-align-center has-palette-color-3-color has-text-color has-link-color wp-elements-22d75dca8f3bd5deebf1fd4256e0761e\" style=\"margin-bottom:20px;font-size:14px;font-style:normal;font-weight:500\">WARTO WIEDZIE\u0106<\/p>\n\n\n\n<h1 class=\"wp-block-heading has-text-align-center has-palette-color-1-color has-text-color has-link-color wp-elements-fd2be49d506c4c575a11183686df1ed4\" style=\"margin-top:0;margin-bottom:20px;font-size:clamp(22.041px, 1.378rem + ((1vw - 3.2px) * 1.091), 36px);font-style:normal;font-weight:800;line-height:1.2\">Zanim przejdziesz dalej<\/h1>\n\n\n\n<p class=\"has-text-align-center has-palette-color-3-color has-text-color has-link-color wp-elements-b624b0f05377b9e80fa3b474e5921775\" style=\"margin-bottom:var(--wp--preset--spacing--60)\"><em>Laboratorium Wsp\u00f3lne Pole<\/em> jest praktyk\u0105 obecno\u015bci.<br>Wej\u015bcie do tej przestrzeni jest \u015bwiadomym wyborem \u2014 oznacza gotowo\u015b\u0107 do bycia w procesie, a nie szukania gotowych odpowiedzi. Zanim do\u0142\u0105czysz, zapoznaj si\u0119 z zasadami Laboratorium <a href=\"https:\/\/pole.tenderikka.org\/index.php\/zasady-laboratorium-wspolne-pole-widzenia\/\" data-type=\"page\" data-id=\"26\">tutaj<\/a>.<\/p>\n\n\n\n<div class=\"wp-block-group is-content-justification-center is-layout-constrained wp-container-core-group-is-layout-907863c4 wp-block-group-is-layout-constrained\">\n<div class=\"lab-btn-row\">\n  <a href=\"#account-modal\"\n     class=\"ct-account-item ct-header-account ct-button lab-btn lab-btn--fill\"\n     data-id=\"account\"\n     data-state=\"out\"\n     data-view=\"login\">\n    Zaloguj si\u0119\n  <\/a>\n\n  <a href=\"#account-modal\"\n     class=\"ct-account-item ct-header-account ct-button lab-btn lab-btn--outline\"\n     data-id=\"account\"\n     data-state=\"out\"\n     data-view=\"register\">\n    Do\u0142\u0105cz do Laboratorium\n  <\/a>\n<\/div>\n<\/div>\n<\/div>\n","protected":false},"excerpt":{"rendered":"<p>WARTO WIEDZIE\u0106 Zanim przejdziesz dalej Laboratorium Wsp\u00f3lne Pole jest praktyk\u0105 obecno\u015bci.Wej\u015bcie do tej przestrzeni jest \u015bwiadomym wyborem \u2014 oznacza gotowo\u015b\u0107 do bycia w procesie, a nie szukania gotowych odpowiedzi. Zanim do\u0142\u0105czysz, zapoznaj si\u0119 z zasadami Laboratorium tutaj. Zaloguj si\u0119 Do\u0142\u0105cz do Laboratorium<\/p>\n","protected":false},"author":1,"featured_media":0,"parent":0,"menu_order":0,"comment_status":"closed","ping_status":"closed","template":"","meta":{"_bbp_topic_count":0,"_bbp_reply_count":0,"_bbp_total_topic_count":0,"_bbp_total_reply_count":0,"_bbp_voice_count":0,"_bbp_anonymous_reply_count":0,"_bbp_topic_count_hidden":0,"_bbp_reply_count_hidden":0,"_bbp_forum_subforum_count":0,"footnotes":""},"class_list":["post-39","page","type-page","status-publish","hentry"],"blocksy_meta":{"has_hero_section":"disabled","styles_descriptor":{"styles":{"desktop":"","tablet":"","mobile":""},"google_fonts":[],"version":6}},"_links":{"self":[{"href":"https:\/\/pole.tenderikka.org\/index.php\/wp-json\/wp\/v2\/pages\/39","targetHints":{"allow":["GET"]}}],"collection":[{"href":"https:\/\/pole.tenderikka.org\/index.php\/wp-json\/wp\/v2\/pages"}],"about":[{"href":"https:\/\/pole.tenderikka.org\/index.php\/wp-json\/wp\/v2\/types\/page"}],"author":[{"embeddable":true,"href":"https:\/\/pole.tenderikka.org\/index.php\/wp-json\/wp\/v2\/users\/1"}],"replies":[{"embeddable":true,"href":"https:\/\/pole.tenderikka.org\/index.php\/wp-json\/wp\/v2\/comments?post=39"}],"version-history":[{"count":68,"href":"https:\/\/pole.tenderikka.org\/index.php\/wp-json\/wp\/v2\/pages\/39\/revisions"}],"predecessor-version":[{"id":507,"href":"https:\/\/pole.tenderikka.org\/index.php\/wp-json\/wp\/v2\/pages\/39\/revisions\/507"}],"wp:attachment":[{"href":"https:\/\/pole.tenderikka.org\/index.php\/wp-json\/wp\/v2\/media?parent=39"}],"curies":[{"name":"wp","href":"https:\/\/api.w.org\/{rel}","templated":true}]}}