{"id":29,"date":"2025-12-27T20:00:39","date_gmt":"2025-12-27T19:00:39","guid":{"rendered":"http:\/\/pole.tenderikka.org\/?page_id=29"},"modified":"2025-12-30T21:54:24","modified_gmt":"2025-12-30T20:54:24","slug":"laboratorium-wspolne-pole-widzenia","status":"publish","type":"page","link":"https:\/\/pole.tenderikka.org\/","title":{"rendered":"G\u0142\u00f3wna"},"content":{"rendered":"\n<div class=\"wp-block-columns is-layout-flex wp-container-core-columns-is-layout-28f84493 wp-block-columns-is-layout-flex\">\n<div class=\"wp-block-column is-layout-flow wp-block-column-is-layout-flow\" style=\"padding-right:var(--wp--preset--spacing--50)\">\n<h2 class=\"wp-block-heading\">Eksperyment \u015bwiadomo\u015bci \u2014 przestrze\u0144 wsp\u00f3lnej obserwacji Pola.<\/h2>\n<\/div>\n\n\n\n<div class=\"wp-block-column is-layout-flow wp-block-column-is-layout-flow\" style=\"padding-right:var(--wp--preset--spacing--50)\">\n<p><strong>To miejsce jest \u017cywym eksperymentem.<\/strong> Wchodz\u0105c tutaj, wchodzisz w przestrze\u0144 uwa\u017cnej obserwacji tego, co wydarza si\u0119 w rzeczywisto\u015bci \u2014 poprzez pytania, zdarzenia i do\u015bwiadczenia. Nie ma tu gotowych odpowiedzi ani hierarchii wiedzy.<\/p>\n\n\n\n<p><strong>Je\u015bli masz wra\u017cenie, \u017ce to, co si\u0119 z Tob\u0105 i ze \u015bwiatem dzieje, nie mie\u015bci si\u0119 ju\u017c w znanych odpowiedziach \u2014 to jest dobre miejsce, \u017ceby zapyta\u0107.<\/strong><\/p>\n\n\n\n<p>Laboratorium jest powi\u0105zane z podcastem <a href=\"https:\/\/open.spotify.com\/show\/0FtsNJxR9w2jW47Mzaspq0?si=8d9b4d6b348f4f2a\"><strong>\u017bywe Pole<\/strong><\/a> \u2014 przestrzeni\u0105 transmisji, przekaz\u00f3w i rozm\u00f3w z Polem. <br>Tam s\u0142uchamy i odbieramy to, co si\u0119 ujawnia.<br>Tutaj zadajemy pytania i obserwujemy, jak Pole odpowiada w relacji z wieloma perspektywami jednocze\u015bnie.<\/p>\n<\/div>\n<\/div>\n\n\n\n<hr class=\"wp-block-separator has-alpha-channel-opacity is-style-wide\" style=\"margin-top:var(--wp--preset--spacing--40);margin-bottom:var(--wp--preset--spacing--60)\"\/>\n\n\n\n<div class=\"wp-block-columns is-layout-flex wp-container-core-columns-is-layout-28f84493 wp-block-columns-is-layout-flex\">\n<div class=\"wp-block-column is-layout-flow wp-block-column-is-layout-flow\">\n<h3 class=\"wp-block-heading\" style=\"font-size:clamp(17.905px, 1.119rem + ((1vw - 3.2px) * 0.789), 28px);\">Czym jest Laboratorium?<\/h3>\n<\/div>\n\n\n\n<div class=\"wp-block-column is-layout-flow wp-block-column-is-layout-flow\">\n<p><em>Laboratorium Wsp\u00f3lne Pole<\/em> to przestrze\u0144 praktyki. Pojawiaj\u0105 si\u0119 tu pytania osobiste i zbiorowe \u2014 zadawane z poziomu ca\u0142o\u015bci, nie w oczekiwaniu na indywidualn\u0105 odpowied\u017a, lecz jako zaproszenie do wsp\u00f3lnego widzenia.<\/p>\n\n\n\n<p>Nie jestem \u017ar\u00f3d\u0142em odpowiedzi. Raczej naczyniem, przeka\u017anikiem, obserwatork\u0105. Odpowiedzi nie s\u0105 \u201emoje\u201d \u2014 <strong>s\u0105 odczytem tego, co ujawnia si\u0119 w Polu w danym momencie.<\/strong><\/p>\n\n\n\n<p>Uczymy si\u0119 tu wsp\u00f3lnie nowej jako\u015bci istnienia: bycia w relacji z rzeczywisto\u015bci\u0105 bez kontroli, naprawiania i ratowania.<\/p>\n<\/div>\n<\/div>\n\n\n\n<hr class=\"wp-block-separator has-alpha-channel-opacity is-style-wide\" style=\"margin-top:var(--wp--preset--spacing--40);margin-bottom:var(--wp--preset--spacing--60)\"\/>\n\n\n\n<div class=\"wp-block-columns is-layout-flex wp-container-core-columns-is-layout-28f84493 wp-block-columns-is-layout-flex\">\n<div class=\"wp-block-column is-layout-flow wp-block-column-is-layout-flow\">\n<h3 class=\"wp-block-heading\" style=\"font-size:clamp(17.905px, 1.119rem + ((1vw - 3.2px) * 0.789), 28px);\">Jak to dzia\u0142a?<\/h3>\n<\/div>\n\n\n\n<div class=\"wp-block-column is-layout-flow wp-block-column-is-layout-flow\">\n<ul class=\"wp-block-list\">\n<li>Uczestnicy publikuj\u0105 pytania na forum Laboratorium<\/li>\n\n\n\n<li>Pytania s\u0105 widoczne dla wszystkich i s\u0142u\u017c\u0105 wsp\u00f3lnemu uczeniu si\u0119<\/li>\n\n\n\n<li>Odpowiedzi pojawiaj\u0105 si\u0119 wtedy, gdy Pole jest gotowe \u2014 nie wed\u0142ug grafiku<\/li>\n\n\n\n<li>Nie ka\u017cde pytanie otrzymuje odpowied\u017a<\/li>\n\n\n\n<li>Cz\u0119\u015b\u0107 odpowiedzi zostaje zamkni\u0119ta i przeniesiona do archiwum<\/li>\n<\/ul>\n\n\n\n<p><strong>To nie jest forum porad.<br>To nie jest wsparcie indywidualne.<\/strong><br>To praktyka bycia w \u017cywym procesie.<\/p>\n\n\n\n<div class=\"wp-block-buttons is-layout-flex wp-block-buttons-is-layout-flex\">\n<div class=\"wp-block-button\"><a class=\"wp-block-button__link wp-element-button\" href=\"https:\/\/pole.tenderikka.org\/index.php\/forums\/forum\/laboratorium-wspolne-pole-widzenia\/\">Wejd\u017a do Laboratorium<\/a><\/div>\n<\/div>\n<\/div>\n<\/div>\n\n\n\n<hr class=\"wp-block-separator has-alpha-channel-opacity is-style-wide\" style=\"margin-top:var(--wp--preset--spacing--40);margin-bottom:var(--wp--preset--spacing--60)\"\/>\n\n\n\n<div class=\"wp-block-columns is-layout-flex wp-container-core-columns-is-layout-28f84493 wp-block-columns-is-layout-flex\">\n<div class=\"wp-block-column is-layout-flow wp-block-column-is-layout-flow\">\n<h3 class=\"wp-block-heading\" style=\"font-size:clamp(17.905px, 1.119rem + ((1vw - 3.2px) * 0.789), 28px);\">Odpowiedzialno\u015b\u0107 i intencja<\/h3>\n<\/div>\n\n\n\n<div class=\"wp-block-column is-layout-flow wp-block-column-is-layout-flow\">\n<p>Udzia\u0142 w Laboratorium opiera si\u0119 na uwa\u017cno\u015bci i odpowiedzialno\u015bci. To, co si\u0119 tu pojawia \u2013 pytania, odpowiedzi, poruszenia \u2013 zostaje w tej przestrzeni.<\/p>\n\n\n\n<p>Nie wynosimy tre\u015bci na zewn\u0105trz.<br>Nie cytujemy innych uczestnik\u00f3w.<br>Nie interpretujemy odpowiedzi jako diagnoz ani wskaza\u0144 do dzia\u0142ania.<\/p>\n\n\n\n<p>Do\u0142\u0105czaj\u0105c do Laboratorium, zgadzasz si\u0119 na te zasady i szanujesz wsp\u00f3lne pole.<\/p>\n\n\n\n<div class=\"wp-block-buttons is-layout-flex wp-block-buttons-is-layout-flex\">\n<div class=\"wp-block-button\"><a class=\"wp-block-button__link wp-element-button\" href=\"https:\/\/pole.tenderikka.org\/index.php\/zasady-laboratorium-wspolne-pole-widzenia\/\">Przeczytaj Zasady<\/a><\/div>\n<\/div>\n<\/div>\n<\/div>\n\n\n\n<p><\/p>\n","protected":false},"excerpt":{"rendered":"<p>Eksperyment \u015bwiadomo\u015bci \u2014 przestrze\u0144 wsp\u00f3lnej obserwacji Pola. To miejsce jest \u017cywym eksperymentem. Wchodz\u0105c tutaj, wchodzisz w przestrze\u0144 uwa\u017cnej obserwacji tego, co wydarza si\u0119 w rzeczywisto\u015bci \u2014 poprzez pytania, zdarzenia i do\u015bwiadczenia. Nie ma tu gotowych odpowiedzi ani hierarchii wiedzy. Je\u015bli masz wra\u017cenie, \u017ce to, co si\u0119 z Tob\u0105 i ze \u015bwiatem dzieje, nie mie\u015bci si\u0119 [&hellip;]<\/p>\n","protected":false},"author":1,"featured_media":0,"parent":0,"menu_order":0,"comment_status":"closed","ping_status":"closed","template":"","meta":{"_bbp_topic_count":0,"_bbp_reply_count":0,"_bbp_total_topic_count":0,"_bbp_total_reply_count":0,"_bbp_voice_count":0,"_bbp_anonymous_reply_count":0,"_bbp_topic_count_hidden":0,"_bbp_reply_count_hidden":0,"_bbp_forum_subforum_count":0,"footnotes":""},"class_list":["post-29","page","type-page","status-publish","hentry"],"blocksy_meta":{"disable_header":"no","styles_descriptor":{"styles":{"desktop":"","tablet":"","mobile":""},"google_fonts":[],"version":6},"has_hero_section":"disabled"},"_links":{"self":[{"href":"https:\/\/pole.tenderikka.org\/index.php\/wp-json\/wp\/v2\/pages\/29","targetHints":{"allow":["GET"]}}],"collection":[{"href":"https:\/\/pole.tenderikka.org\/index.php\/wp-json\/wp\/v2\/pages"}],"about":[{"href":"https:\/\/pole.tenderikka.org\/index.php\/wp-json\/wp\/v2\/types\/page"}],"author":[{"embeddable":true,"href":"https:\/\/pole.tenderikka.org\/index.php\/wp-json\/wp\/v2\/users\/1"}],"replies":[{"embeddable":true,"href":"https:\/\/pole.tenderikka.org\/index.php\/wp-json\/wp\/v2\/comments?post=29"}],"version-history":[{"count":61,"href":"https:\/\/pole.tenderikka.org\/index.php\/wp-json\/wp\/v2\/pages\/29\/revisions"}],"predecessor-version":[{"id":548,"href":"https:\/\/pole.tenderikka.org\/index.php\/wp-json\/wp\/v2\/pages\/29\/revisions\/548"}],"wp:attachment":[{"href":"https:\/\/pole.tenderikka.org\/index.php\/wp-json\/wp\/v2\/media?parent=29"}],"curies":[{"name":"wp","href":"https:\/\/api.w.org\/{rel}","templated":true}]}}